{"id":263,"date":"2023-06-07T16:25:28","date_gmt":"2023-06-07T16:25:28","guid":{"rendered":"https:\/\/fahadpr.com\/noticias\/"},"modified":"2023-07-20T19:06:43","modified_gmt":"2023-07-20T19:06:43","slug":"noticias","status":"publish","type":"page","link":"https:\/\/fahadpr.com\/es\/","title":{"rendered":"Noticias"},"content":{"rendered":"\t\t<div data-elementor-type=\"wp-page\" data-elementor-id=\"263\" class=\"elementor elementor-263 elementor-181\">\n\t\t\t\t\t\t\t\t\t<section class=\"elementor-section elementor-top-section elementor-element elementor-element-70cc0ff elementor-section-boxed elementor-section-height-default elementor-section-height-default\" data-id=\"70cc0ff\" data-element_type=\"section\">\n\t\t\t\t\t\t<div class=\"elementor-container elementor-column-gap-default\">\n\t\t\t\t\t<div class=\"elementor-column elementor-col-100 elementor-top-column elementor-element elementor-element-e65ab62\" data-id=\"e65ab62\" data-element_type=\"column\">\n\t\t\t<div class=\"elementor-widget-wrap elementor-element-populated\">\n\t\t\t\t\t\t\t\t<div class=\"elementor-element elementor-element-b6de1a4 ui-e-grid-animate ui-e-meta-anim-show ui-e-apg-classic ui-e-img-anim-zoom elementor-widget elementor-widget-uicore-advanced-post-grid\" data-id=\"b6de1a4\" data-element_type=\"widget\" data-settings=\"{&quot;animate_items&quot;:&quot;ui-e-grid-animate&quot;,&quot;masonry&quot;:&quot;ui-e-maso&quot;,&quot;animate_item_type&quot;:&quot;fadeInUp&quot;}\" data-widget_type=\"uicore-advanced-post-grid.default\">\n\t\t\t\t<div class=\"elementor-widget-container\">\n\t\t\t        <div class=\"ui-e-adv-grid\">\r\n                <div class=\"ui-e-post-item elementor-invisible\">\r\n            <article class=\"post-280 post type-post status-publish format-standard has-post-thumbnail hentry category-general-es\" >\r\n                <div class=\"ui-e-post-top\">\r\n                            <a class=\"ui-e-post-img-wrapp\" href=\"https:\/\/fahadpr.com\/es\/paulson-puerto-rico-mira-hacia-adelante-tras-10-anos-de-crecimiento\/\" title=\"View Post:Paulson Puerto Rico mira hacia adelante tras 10 a\u00f1os de crecimiento\">\r\n                        <img loading=\"lazy\" decoding=\"async\" width=\"650\" height=\"434\" src=\"https:\/\/fahadpr.com\/wp-content\/uploads\/2023\/05\/Fahad-Ghaffar-_John-Paulson-650x434.jpg\" class=\"ui-e-post-img wp-post-image\" alt=\"\" srcset=\"https:\/\/fahadpr.com\/wp-content\/uploads\/2023\/05\/Fahad-Ghaffar-_John-Paulson-650x434.jpg 650w, https:\/\/fahadpr.com\/wp-content\/uploads\/2023\/05\/Fahad-Ghaffar-_John-Paulson-300x200.jpg 300w, https:\/\/fahadpr.com\/wp-content\/uploads\/2023\/05\/Fahad-Ghaffar-_John-Paulson-1024x683.jpg 1024w, https:\/\/fahadpr.com\/wp-content\/uploads\/2023\/05\/Fahad-Ghaffar-_John-Paulson-768x512.jpg 768w, https:\/\/fahadpr.com\/wp-content\/uploads\/2023\/05\/Fahad-Ghaffar-_John-Paulson-1536x1024.jpg 1536w, https:\/\/fahadpr.com\/wp-content\/uploads\/2023\/05\/Fahad-Ghaffar-_John-Paulson-2048x1366.jpg 2048w\" sizes=\"auto, (max-width: 650px) 100vw, 650px\" \/>                    <\/a>\r\n                                            <\/div>\r\n                <div class=\"ui-e-post-content\">\r\n                                                <a href=\"https:\/\/fahadpr.com\/es\/paulson-puerto-rico-mira-hacia-adelante-tras-10-anos-de-crecimiento\/\" title=\"View Post:Paulson Puerto Rico mira hacia adelante tras 10 a\u00f1os de crecimiento\">\r\n            <h4 class=\"ui-e-post-title\"><span>Paulson Puerto Rico mira hacia adelante tras 10 a\u00f1os de crecimiento<\/span><\/h4>\r\n        <\/a>\r\n                          <div class=\"ui-e-meta-wrapp\"><div class=\"ui-e-post-meta ui-e-after_title\"><div class=\"ui-e-meta-item\">marzo 29, 2023<\/div><\/div><\/div>                    <div class=\"ui-e-post-text\">Una d\u00e9cada despu\u00e9s de su primera inversi\u00f3n en Puerto Rico,&hellip;<\/div>                                                        <\/div>\r\n            <\/article>\r\n        <\/div>\r\n                <div class=\"ui-e-post-item elementor-invisible\">\r\n            <article class=\"post-283 post type-post status-publish format-standard has-post-thumbnail hentry category-general-es\" >\r\n                <div class=\"ui-e-post-top\">\r\n                            <a class=\"ui-e-post-img-wrapp\" href=\"https:\/\/fahadpr.com\/es\/el-hotel-la-concha-se-convierte-en-el-primer-autograph-collection-resort-en-puerto-rico\/\" title=\"View Post:El hotel La Concha se convierte en el primer Autograph Collection Resort en Puerto Rico\">\r\n                        <img loading=\"lazy\" decoding=\"async\" width=\"650\" height=\"433\" src=\"https:\/\/fahadpr.com\/wp-content\/uploads\/2023\/02\/La-Concha-Resort-Fahadghaffar-pr-650x433.jpeg\" class=\"ui-e-post-img wp-post-image\" alt=\"\" srcset=\"https:\/\/fahadpr.com\/wp-content\/uploads\/2023\/02\/La-Concha-Resort-Fahadghaffar-pr-650x433.jpeg 650w, https:\/\/fahadpr.com\/wp-content\/uploads\/2023\/02\/La-Concha-Resort-Fahadghaffar-pr-300x200.jpeg 300w, https:\/\/fahadpr.com\/wp-content\/uploads\/2023\/02\/La-Concha-Resort-Fahadghaffar-pr.jpeg 696w\" sizes=\"auto, (max-width: 650px) 100vw, 650px\" \/>                    <\/a>\r\n                                            <\/div>\r\n                <div class=\"ui-e-post-content\">\r\n                                                <a href=\"https:\/\/fahadpr.com\/es\/el-hotel-la-concha-se-convierte-en-el-primer-autograph-collection-resort-en-puerto-rico\/\" title=\"View Post:El hotel La Concha se convierte en el primer Autograph Collection Resort en Puerto Rico\">\r\n            <h4 class=\"ui-e-post-title\"><span>El hotel La Concha se convierte en el primer Autograph Collection Resort en Puerto Rico<\/span><\/h4>\r\n        <\/a>\r\n                          <div class=\"ui-e-meta-wrapp\"><div class=\"ui-e-post-meta ui-e-after_title\"><div class=\"ui-e-meta-item\">febrero 28, 2023<\/div><\/div><\/div>                    <div class=\"ui-e-post-text\">El ic\u00f3nico hotel La Concha, localizado en Condado, se convertir\u00e1&hellip;<\/div>                                                        <\/div>\r\n            <\/article>\r\n        <\/div>\r\n                <div class=\"ui-e-post-item elementor-invisible\">\r\n            <article class=\"post-282 post type-post status-publish format-standard has-post-thumbnail hentry category-general-es\" >\r\n                <div class=\"ui-e-post-top\">\r\n                            <a class=\"ui-e-post-img-wrapp\" href=\"https:\/\/fahadpr.com\/es\/sobre-3000-empleados-reciben-pavos-de-accion-de-gracias-junto-a-sus-bonos-de-navidad\/\" title=\"View Post:Sobre 3,000 empleados reciben pavos de Acci\u00f3n de Gracias junto a sus bonos de Navidad\">\r\n                        <img loading=\"lazy\" decoding=\"async\" width=\"650\" height=\"312\" src=\"https:\/\/fahadpr.com\/wp-content\/uploads\/2022\/11\/Paulson-Da-Pavos-A-Empleados-Fahadghaffar-pr-650x312.jpeg\" class=\"ui-e-post-img wp-post-image\" alt=\"\" srcset=\"https:\/\/fahadpr.com\/wp-content\/uploads\/2022\/11\/Paulson-Da-Pavos-A-Empleados-Fahadghaffar-pr-650x312.jpeg 650w, https:\/\/fahadpr.com\/wp-content\/uploads\/2022\/11\/Paulson-Da-Pavos-A-Empleados-Fahadghaffar-pr-300x144.jpeg 300w, https:\/\/fahadpr.com\/wp-content\/uploads\/2022\/11\/Paulson-Da-Pavos-A-Empleados-Fahadghaffar-pr-768x369.jpeg 768w, https:\/\/fahadpr.com\/wp-content\/uploads\/2022\/11\/Paulson-Da-Pavos-A-Empleados-Fahadghaffar-pr.jpeg 820w\" sizes=\"auto, (max-width: 650px) 100vw, 650px\" \/>                    <\/a>\r\n                                            <\/div>\r\n                <div class=\"ui-e-post-content\">\r\n                                                <a href=\"https:\/\/fahadpr.com\/es\/sobre-3000-empleados-reciben-pavos-de-accion-de-gracias-junto-a-sus-bonos-de-navidad\/\" title=\"View Post:Sobre 3,000 empleados reciben pavos de Acci\u00f3n de Gracias junto a sus bonos de Navidad\">\r\n            <h4 class=\"ui-e-post-title\"><span>Sobre 3,000 empleados reciben pavos de Acci\u00f3n de Gracias junto a sus bonos de Navidad<\/span><\/h4>\r\n        <\/a>\r\n                          <div class=\"ui-e-meta-wrapp\"><div class=\"ui-e-post-meta ui-e-after_title\"><div class=\"ui-e-meta-item\">noviembre 24, 2022<\/div><\/div><\/div>                    <div class=\"ui-e-post-text\">Paulson Puerto Rico muestra su agradecimiento distribuyendo pavos de Acci\u00f3n&hellip;<\/div>                                                        <\/div>\r\n            <\/article>\r\n        <\/div>\r\n                <div class=\"ui-e-post-item elementor-invisible\">\r\n            <article class=\"post-281 post type-post status-publish format-standard has-post-thumbnail hentry category-general-es\" >\r\n                <div class=\"ui-e-post-top\">\r\n                            <a class=\"ui-e-post-img-wrapp\" href=\"https:\/\/fahadpr.com\/es\/anuncian-nuevos-gerentes-para-la-concha-resort-y-condado-ocean-club\/\" title=\"View Post:Anuncian nuevos gerentes para La Concha Resort y Condado Ocean Club\">\r\n                        <img loading=\"lazy\" decoding=\"async\" width=\"650\" height=\"434\" src=\"https:\/\/fahadpr.com\/wp-content\/uploads\/2022\/10\/Condado-Ocean-Club-Fahadghaffar-pr-650x434.jpg\" class=\"ui-e-post-img wp-post-image\" alt=\"\" srcset=\"https:\/\/fahadpr.com\/wp-content\/uploads\/2022\/10\/Condado-Ocean-Club-Fahadghaffar-pr-650x434.jpg 650w, https:\/\/fahadpr.com\/wp-content\/uploads\/2022\/10\/Condado-Ocean-Club-Fahadghaffar-pr-300x200.jpg 300w, https:\/\/fahadpr.com\/wp-content\/uploads\/2022\/10\/Condado-Ocean-Club-Fahadghaffar-pr-1024x683.jpg 1024w, https:\/\/fahadpr.com\/wp-content\/uploads\/2022\/10\/Condado-Ocean-Club-Fahadghaffar-pr-768x513.jpg 768w, https:\/\/fahadpr.com\/wp-content\/uploads\/2022\/10\/Condado-Ocean-Club-Fahadghaffar-pr.jpg 1500w\" sizes=\"auto, (max-width: 650px) 100vw, 650px\" \/>                    <\/a>\r\n                                            <\/div>\r\n                <div class=\"ui-e-post-content\">\r\n                                                <a href=\"https:\/\/fahadpr.com\/es\/anuncian-nuevos-gerentes-para-la-concha-resort-y-condado-ocean-club\/\" title=\"View Post:Anuncian nuevos gerentes para La Concha Resort y Condado Ocean Club\">\r\n            <h4 class=\"ui-e-post-title\"><span>Anuncian nuevos gerentes para La Concha Resort y Condado Ocean Club<\/span><\/h4>\r\n        <\/a>\r\n                          <div class=\"ui-e-meta-wrapp\"><div class=\"ui-e-post-meta ui-e-after_title\"><div class=\"ui-e-meta-item\">octubre 18, 2022<\/div><\/div><\/div>                    <div class=\"ui-e-post-text\">Anuncian el nombramiento de nuevos gerentes generales para La Concha&hellip;<\/div>                                                        <\/div>\r\n            <\/article>\r\n        <\/div>\r\n                <\/div>\r\n        \t\t<\/div>\n\t\t\t\t<\/div>\n\t\t\t\t\t<\/div>\n\t\t<\/div>\n\t\t\t\t\t\t\t<\/div>\n\t\t<\/section>\n\t\t\t\t<section class=\"elementor-section elementor-top-section elementor-element elementor-element-a5f0a80 elementor-section-content-middle elementor-section-boxed elementor-section-height-default elementor-section-height-default\" data-id=\"a5f0a80\" data-element_type=\"section\" data-settings=\"{&quot;background_background&quot;:&quot;classic&quot;}\">\n\t\t\t\t\t\t<div class=\"elementor-container elementor-column-gap-wide\">\n\t\t\t\t\t<div class=\"elementor-column elementor-col-100 elementor-top-column elementor-element elementor-element-0456db6 animated-slow elementor-invisible\" data-id=\"0456db6\" data-element_type=\"column\" data-settings=\"{&quot;animation&quot;:&quot;fadeInRight&quot;,&quot;animation_delay&quot;:50}\">\n\t\t\t<div class=\"elementor-widget-wrap elementor-element-populated\">\n\t\t\t\t\t\t\t\t<div class=\"elementor-element elementor-element-0bd1ae7  ui-split-animate ui-splitby-chars elementor-widget elementor-widget-heading\" data-id=\"0bd1ae7\" data-element_type=\"widget\" data-settings=\"{&quot;ui_animate_split&quot;:&quot;ui-split-animate&quot;,&quot;ui_animate_split_by&quot;:&quot;chars&quot;,&quot;ui_animate_split_style&quot;:&quot;fadeInUp&quot;}\" data-widget_type=\"heading.default\">\n\t\t\t\t<div class=\"elementor-widget-container\">\n\t\t\t<style>\/*! elementor - v3.14.0 - 18-06-2023 *\/\n.elementor-heading-title{padding:0;margin:0;line-height:1}.elementor-widget-heading .elementor-heading-title[class*=elementor-size-]>a{color:inherit;font-size:inherit;line-height:inherit}.elementor-widget-heading .elementor-heading-title.elementor-size-small{font-size:15px}.elementor-widget-heading .elementor-heading-title.elementor-size-medium{font-size:19px}.elementor-widget-heading .elementor-heading-title.elementor-size-large{font-size:29px}.elementor-widget-heading .elementor-heading-title.elementor-size-xl{font-size:39px}.elementor-widget-heading .elementor-heading-title.elementor-size-xxl{font-size:59px}<\/style><h2 class=\"elementor-heading-title elementor-size-default\">Fahad Ghaffar<\/h2>\t\t<\/div>\n\t\t\t\t<\/div>\n\t\t\t\t<div class=\"elementor-element elementor-element-7e6b498  ui-split-animate ui-splitby-lines elementor-widget elementor-widget-text-editor\" data-id=\"7e6b498\" data-element_type=\"widget\" data-settings=\"{&quot;ui_animate_split&quot;:&quot;ui-split-animate&quot;,&quot;ui_animate_split_by&quot;:&quot;lines&quot;,&quot;ui_animate_split_style&quot;:&quot;fadeInUp&quot;}\" data-widget_type=\"text-editor.default\">\n\t\t\t\t<div class=\"elementor-widget-container\">\n\t\t\t<style>\/*! elementor - v3.14.0 - 18-06-2023 *\/\n.elementor-widget-text-editor.elementor-drop-cap-view-stacked .elementor-drop-cap{background-color:#69727d;color:#fff}.elementor-widget-text-editor.elementor-drop-cap-view-framed .elementor-drop-cap{color:#69727d;border:3px solid;background-color:transparent}.elementor-widget-text-editor:not(.elementor-drop-cap-view-default) .elementor-drop-cap{margin-top:8px}.elementor-widget-text-editor:not(.elementor-drop-cap-view-default) .elementor-drop-cap-letter{width:1em;height:1em}.elementor-widget-text-editor .elementor-drop-cap{float:left;text-align:center;line-height:1;font-size:50px}.elementor-widget-text-editor .elementor-drop-cap-letter{display:inline-block}<\/style>\t\t\t\tL\u00edder visionario\u00a0en\u00a0negocios\u00a0el\u00a0impacto\u00a0social\t\t\t\t\t\t<\/div>\n\t\t\t\t<\/div>\n\t\t\t\t<div class=\"elementor-element elementor-element-a3d647a elementor-widget elementor-widget-spacer\" data-id=\"a3d647a\" data-element_type=\"widget\" data-widget_type=\"spacer.default\">\n\t\t\t\t<div class=\"elementor-widget-container\">\n\t\t\t<style>\/*! elementor - v3.14.0 - 18-06-2023 *\/\n.elementor-column .elementor-spacer-inner{height:var(--spacer-size)}.e-con{--container-widget-width:100%}.e-con-inner>.elementor-widget-spacer,.e-con>.elementor-widget-spacer{width:var(--container-widget-width,var(--spacer-size));--align-self:var(--container-widget-align-self,initial);--flex-shrink:0}.e-con-inner>.elementor-widget-spacer>.elementor-widget-container,.e-con-inner>.elementor-widget-spacer>.elementor-widget-container>.elementor-spacer,.e-con>.elementor-widget-spacer>.elementor-widget-container,.e-con>.elementor-widget-spacer>.elementor-widget-container>.elementor-spacer{height:100%}.e-con-inner>.elementor-widget-spacer>.elementor-widget-container>.elementor-spacer>.elementor-spacer-inner,.e-con>.elementor-widget-spacer>.elementor-widget-container>.elementor-spacer>.elementor-spacer-inner{height:var(--container-widget-height,var(--spacer-size))}<\/style>\t\t<div class=\"elementor-spacer\">\n\t\t\t<div class=\"elementor-spacer-inner\"><\/div>\n\t\t<\/div>\n\t\t\t\t<\/div>\n\t\t\t\t<\/div>\n\t\t\t\t<div class=\"elementor-element elementor-element-231487f elementor-widget-tablet__width-inherit  ui-split-animate ui-splitby-lines elementor-widget elementor-widget-text-editor\" data-id=\"231487f\" data-element_type=\"widget\" data-settings=\"{&quot;ui_animate_split&quot;:&quot;ui-split-animate&quot;,&quot;ui_animate_split_by&quot;:&quot;lines&quot;,&quot;ui_animate_split_style&quot;:&quot;fadeInUp&quot;}\" data-widget_type=\"text-editor.default\">\n\t\t\t\t<div class=\"elementor-widget-container\">\n\t\t\t\t\t\t\t<p class=\"p1\">\u201cCualquier tiempo que paso viviendo, gasto la misma cantidad dando.\u201d<\/p>\t\t\t\t\t\t<\/div>\n\t\t\t\t<\/div>\n\t\t\t\t\t<\/div>\n\t\t<\/div>\n\t\t\t\t\t\t\t<\/div>\n\t\t<\/section>\n\t\t\t\t\t\t\t<\/div>\n\t\t","protected":false},"excerpt":{"rendered":"<p>Paulson Puerto Rico mira hacia adelante tras 10 a\u00f1os de [&hellip;]<\/p>\n","protected":false},"author":1,"featured_media":0,"parent":0,"menu_order":0,"comment_status":"closed","ping_status":"closed","template":"","meta":{"footnotes":""},"class_list":["post-263","page","type-page","status-publish","hentry"],"yoast_head":"<!-- This site is optimized with the Yoast SEO plugin v20.10 - https:\/\/yoast.com\/wordpress\/plugins\/seo\/ -->\n<title>Noticias - Fahad Ghaffar<\/title>\n<meta name=\"robots\" content=\"index, follow, max-snippet:-1, max-image-preview:large, max-video-preview:-1\" \/>\n<link rel=\"canonical\" href=\"https:\/\/fahadpr.com\/es\/\" \/>\n<meta property=\"og:locale\" content=\"es_ES\" \/>\n<meta property=\"og:type\" content=\"article\" \/>\n<meta property=\"og:title\" content=\"Noticias - Fahad Ghaffar\" \/>\n<meta property=\"og:description\" content=\"Paulson Puerto Rico mira hacia adelante tras 10 a\u00f1os de [&hellip;]\" \/>\n<meta property=\"og:url\" content=\"https:\/\/fahadpr.com\/es\/\" \/>\n<meta property=\"og:site_name\" content=\"Fahad Ghaffar\" \/>\n<meta property=\"article:modified_time\" content=\"2023-07-20T19:06:43+00:00\" \/>\n<meta property=\"og:image\" content=\"https:\/\/fahadpr.com\/wp-content\/uploads\/2023\/05\/Fahad-Ghaffar-_John-Paulson-650x434.jpg\" \/>\n<meta name=\"twitter:card\" content=\"summary_large_image\" \/>\n<meta name=\"twitter:label1\" content=\"Tiempo de lectura\" \/>\n\t<meta name=\"twitter:data1\" content=\"2 minutos\" \/>\n<script type=\"application\/ld+json\" class=\"yoast-schema-graph\">{\"@context\":\"https:\/\/schema.org\",\"@graph\":[{\"@type\":\"WebPage\",\"@id\":\"https:\/\/fahadpr.com\/es\/\",\"url\":\"https:\/\/fahadpr.com\/es\/\",\"name\":\"Noticias - Fahad Ghaffar\",\"isPartOf\":{\"@id\":\"https:\/\/fahadpr.com\/es\/#website\"},\"datePublished\":\"2023-06-07T16:25:28+00:00\",\"dateModified\":\"2023-07-20T19:06:43+00:00\",\"breadcrumb\":{\"@id\":\"https:\/\/fahadpr.com\/es\/#breadcrumb\"},\"inLanguage\":\"es\",\"potentialAction\":[{\"@type\":\"ReadAction\",\"target\":[\"https:\/\/fahadpr.com\/es\/\"]}]},{\"@type\":\"BreadcrumbList\",\"@id\":\"https:\/\/fahadpr.com\/es\/#breadcrumb\",\"itemListElement\":[{\"@type\":\"ListItem\",\"position\":1,\"name\":\"Home\",\"item\":\"https:\/\/fahadpr.com\/es\/\"},{\"@type\":\"ListItem\",\"position\":2,\"name\":\"Noticias\"}]},{\"@type\":\"WebSite\",\"@id\":\"https:\/\/fahadpr.com\/es\/#website\",\"url\":\"https:\/\/fahadpr.com\/es\/\",\"name\":\"Fahad Ghaffar\",\"description\":\"Visionary Leader in Business and Social Impact\",\"potentialAction\":[{\"@type\":\"SearchAction\",\"target\":{\"@type\":\"EntryPoint\",\"urlTemplate\":\"https:\/\/fahadpr.com\/es\/?s={search_term_string}\"},\"query-input\":\"required name=search_term_string\"}],\"inLanguage\":\"es\"}]}<\/script>\n<!-- \/ Yoast SEO plugin. -->","yoast_head_json":{"title":"Noticias - Fahad Ghaffar","robots":{"index":"index","follow":"follow","max-snippet":"max-snippet:-1","max-image-preview":"max-image-preview:large","max-video-preview":"max-video-preview:-1"},"canonical":"https:\/\/fahadpr.com\/es\/","og_locale":"es_ES","og_type":"article","og_title":"Noticias - Fahad Ghaffar","og_description":"Paulson Puerto Rico mira hacia adelante tras 10 a\u00f1os de [&hellip;]","og_url":"https:\/\/fahadpr.com\/es\/","og_site_name":"Fahad Ghaffar","article_modified_time":"2023-07-20T19:06:43+00:00","og_image":[{"url":"https:\/\/fahadpr.com\/wp-content\/uploads\/2023\/05\/Fahad-Ghaffar-_John-Paulson-650x434.jpg"}],"twitter_card":"summary_large_image","twitter_misc":{"Tiempo de lectura":"2 minutos"},"schema":{"@context":"https:\/\/schema.org","@graph":[{"@type":"WebPage","@id":"https:\/\/fahadpr.com\/es\/","url":"https:\/\/fahadpr.com\/es\/","name":"Noticias - Fahad Ghaffar","isPartOf":{"@id":"https:\/\/fahadpr.com\/es\/#website"},"datePublished":"2023-06-07T16:25:28+00:00","dateModified":"2023-07-20T19:06:43+00:00","breadcrumb":{"@id":"https:\/\/fahadpr.com\/es\/#breadcrumb"},"inLanguage":"es","potentialAction":[{"@type":"ReadAction","target":["https:\/\/fahadpr.com\/es\/"]}]},{"@type":"BreadcrumbList","@id":"https:\/\/fahadpr.com\/es\/#breadcrumb","itemListElement":[{"@type":"ListItem","position":1,"name":"Home","item":"https:\/\/fahadpr.com\/es\/"},{"@type":"ListItem","position":2,"name":"Noticias"}]},{"@type":"WebSite","@id":"https:\/\/fahadpr.com\/es\/#website","url":"https:\/\/fahadpr.com\/es\/","name":"Fahad Ghaffar","description":"Visionary Leader in Business and Social Impact","potentialAction":[{"@type":"SearchAction","target":{"@type":"EntryPoint","urlTemplate":"https:\/\/fahadpr.com\/es\/?s={search_term_string}"},"query-input":"required name=search_term_string"}],"inLanguage":"es"}]}},"_links":{"self":[{"href":"https:\/\/fahadpr.com\/es\/wp-json\/wp\/v2\/pages\/263","targetHints":{"allow":["GET"]}}],"collection":[{"href":"https:\/\/fahadpr.com\/es\/wp-json\/wp\/v2\/pages"}],"about":[{"href":"https:\/\/fahadpr.com\/es\/wp-json\/wp\/v2\/types\/page"}],"author":[{"embeddable":true,"href":"https:\/\/fahadpr.com\/es\/wp-json\/wp\/v2\/users\/1"}],"replies":[{"embeddable":true,"href":"https:\/\/fahadpr.com\/es\/wp-json\/wp\/v2\/comments?post=263"}],"version-history":[{"count":0,"href":"https:\/\/fahadpr.com\/es\/wp-json\/wp\/v2\/pages\/263\/revisions"}],"wp:attachment":[{"href":"https:\/\/fahadpr.com\/es\/wp-json\/wp\/v2\/media?parent=263"}],"curies":[{"name":"wp","href":"https:\/\/api.w.org\/{rel}","templated":true}]}}